{"id":929,"date":"2024-07-25T17:23:08","date_gmt":"2024-07-25T20:23:08","guid":{"rendered":"http:\/\/waycarbon.local\/?page_id=929"},"modified":"2025-07-30T12:47:46","modified_gmt":"2025-07-30T15:47:46","slug":"contato","status":"publish","type":"page","link":"https:\/\/waycarbon.com\/pt\/contato\/","title":{"rendered":"Contato"},"content":{"rendered":"\t\t<div data-elementor-type=\"wp-page\" data-elementor-id=\"929\" class=\"elementor elementor-929\" data-elementor-post-type=\"page\">\n\t\t\t\t<div class=\"elementor-element elementor-element-327dc6a4 e-con-full e-flex e-con e-parent\" data-id=\"327dc6a4\" data-element_type=\"container\" data-e-type=\"container\" id=\"hero-banner\" data-settings=\"{&quot;background_background&quot;:&quot;classic&quot;}\">\n\t\t<div class=\"elementor-element elementor-element-53feca1d e-con-full e-flex e-con e-child\" data-id=\"53feca1d\" data-element_type=\"container\" data-e-type=\"container\">\n\t\t\t\t<div class=\"elementor-element elementor-element-7c42ce9a elementor-widget elementor-widget-heading\" data-id=\"7c42ce9a\" data-element_type=\"widget\" data-e-type=\"widget\" data-widget_type=\"heading.default\">\n\t\t\t\t<div class=\"elementor-widget-container\">\n\t\t\t\t\t<h1 class=\"elementor-heading-title elementor-size-default\">Contato<\/h1>\t\t\t\t<\/div>\n\t\t\t\t<\/div>\n\t\t\t\t<\/div>\n\t\t\t\t<\/div>\n\t\t<div class=\"elementor-element elementor-element-e149c42 e-flex e-con-boxed e-con e-parent\" data-id=\"e149c42\" data-element_type=\"container\" data-e-type=\"container\">\n\t\t\t\t\t<div class=\"e-con-inner\">\n\t\t\t\t<div class=\"elementor-element elementor-element-a70898c elementor-widget elementor-widget-heading\" data-id=\"a70898c\" data-element_type=\"widget\" data-e-type=\"widget\" data-widget_type=\"heading.default\">\n\t\t\t\t<div class=\"elementor-widget-container\">\n\t\t\t\t\t<h2 class=\"elementor-heading-title elementor-size-default\">Fale com um especialista<\/h2>\t\t\t\t<\/div>\n\t\t\t\t<\/div>\n\t\t\t\t<div class=\"elementor-element elementor-element-0c68191 elementor-widget elementor-widget-text-editor\" data-id=\"0c68191\" data-element_type=\"widget\" data-e-type=\"widget\" data-widget_type=\"text-editor.default\">\n\t\t\t\t<div class=\"elementor-widget-container\">\n\t\t\t\t\t\t\t\t\t<p>A WayCarbon \u00e9 especializada em temas ESG. Caso queira indicar uma quest\u00e3o espec\u00edfica, podemos conduzir a nossa conversa de maneira mais direta. Do contr\u00e1rio, fique \u00e0 vontade em selecionar a op\u00e7\u00e3o <strong>Outros<\/strong> e nos dizer qual \u00e9 o seu interesse espec\u00edfico.<\/p>\t\t\t\t\t\t\t\t<\/div>\n\t\t\t\t<\/div>\n\t\t<div class=\"elementor-element elementor-element-0fa6b88 e-con-full e-flex e-con e-child\" data-id=\"0fa6b88\" data-element_type=\"container\" data-e-type=\"container\">\n\t\t<div class=\"elementor-element elementor-element-24615bf e-con-full e-flex e-con e-child\" data-id=\"24615bf\" data-element_type=\"container\" data-e-type=\"container\">\n\t\t<div class=\"elementor-element elementor-element-6a536b2 e-con-full e-flex e-con e-child\" data-id=\"6a536b2\" data-element_type=\"container\" data-e-type=\"container\" data-settings=\"{&quot;background_background&quot;:&quot;classic&quot;}\">\n\t\t\t\t<div class=\"elementor-element elementor-element-302da28 elementor-position-inline-start elementor-view-default elementor-mobile-position-block-start elementor-widget elementor-widget-icon-box\" data-id=\"302da28\" data-element_type=\"widget\" data-e-type=\"widget\" data-widget_type=\"icon-box.default\">\n\t\t\t\t<div class=\"elementor-widget-container\">\n\t\t\t\t\t\t\t<div class=\"elementor-icon-box-wrapper\">\n\n\t\t\t\t\t\t<div class=\"elementor-icon-box-icon\">\n\t\t\t\t<a href=\"tel:+553136560501\u200b\" class=\"elementor-icon\" tabindex=\"-1\">\n\t\t\t\t<svg aria-hidden=\"true\" class=\"e-font-icon-svg e-fas-phone-alt\" viewBox=\"0 0 512 512\" xmlns=\"http:\/\/www.w3.org\/2000\/svg\"><path d=\"M497.39 361.8l-112-48a24 24 0 0 0-28 6.9l-49.6 60.6A370.66 370.66 0 0 1 130.6 204.11l60.6-49.6a23.94 23.94 0 0 0 6.9-28l-48-112A24.16 24.16 0 0 0 122.6.61l-104 24A24 24 0 0 0 0 48c0 256.5 207.9 464 464 464a24 24 0 0 0 23.4-18.6l24-104a24.29 24.29 0 0 0-14.01-27.6z\"><\/path><\/svg>\t\t\t\t<\/a>\n\t\t\t<\/div>\n\t\t\t\n\t\t\t\t\t\t<div class=\"elementor-icon-box-content\">\n\n\t\t\t\t\n\t\t\t\t\t\t\t\t\t<p class=\"elementor-icon-box-description\">\n\t\t\t\t\t\t+55 31 3656-0501\u200b\t\t\t\t\t<\/p>\n\t\t\t\t\n\t\t\t<\/div>\n\t\t\t\n\t\t<\/div>\n\t\t\t\t\t\t<\/div>\n\t\t\t\t<\/div>\n\t\t\t\t<\/div>\n\t\t<div class=\"elementor-element elementor-element-d7cbde7 e-con-full e-flex e-con e-child\" data-id=\"d7cbde7\" data-element_type=\"container\" data-e-type=\"container\" data-settings=\"{&quot;background_background&quot;:&quot;classic&quot;}\">\n\t\t\t\t<div class=\"elementor-element elementor-element-63590f3 elementor-position-inline-start elementor-view-default elementor-mobile-position-block-start elementor-widget elementor-widget-icon-box\" data-id=\"63590f3\" data-element_type=\"widget\" data-e-type=\"widget\" data-widget_type=\"icon-box.default\">\n\t\t\t\t<div class=\"elementor-widget-container\">\n\t\t\t\t\t\t\t<div class=\"elementor-icon-box-wrapper\">\n\n\t\t\t\t\t\t<div class=\"elementor-icon-box-icon\">\n\t\t\t\t<span  class=\"elementor-icon\">\n\t\t\t\t<svg aria-hidden=\"true\" class=\"e-font-icon-svg e-fas-map-marker-alt\" viewBox=\"0 0 384 512\" xmlns=\"http:\/\/www.w3.org\/2000\/svg\"><path d=\"M172.268 501.67C26.97 291.031 0 269.413 0 192 0 85.961 85.961 0 192 0s192 85.961 192 192c0 77.413-26.97 99.031-172.268 309.67-9.535 13.774-29.93 13.773-39.464 0zM192 272c44.183 0 80-35.817 80-80s-35.817-80-80-80-80 35.817-80 80 35.817 80 80 80z\"><\/path><\/svg>\t\t\t\t<\/span>\n\t\t\t<\/div>\n\t\t\t\n\t\t\t\t\t\t<div class=\"elementor-icon-box-content\">\n\n\t\t\t\t\n\t\t\t\t\t\t\t\t\t<p class=\"elementor-icon-box-description\">\n\t\t\t\t\t\tEscrit\u00f3rios principais\t\t\t\t\t<\/p>\n\t\t\t\t\n\t\t\t<\/div>\n\t\t\t\n\t\t<\/div>\n\t\t\t\t\t\t<\/div>\n\t\t\t\t<\/div>\n\t\t\t\t<div class=\"elementor-element elementor-element-e60c605 elementor-widget elementor-widget-heading\" data-id=\"e60c605\" data-element_type=\"widget\" data-e-type=\"widget\" data-widget_type=\"heading.default\">\n\t\t\t\t<div class=\"elementor-widget-container\">\n\t\t\t\t\t<div class=\"elementor-heading-title elementor-size-default\">R. Bernardo Guimar\u00e3es, 166 - 6\u00ba andar - Funcion\u00e1rios, 30140-080<br>Belo Horizonte\/MG<br>Brasil<\/div>\t\t\t\t<\/div>\n\t\t\t\t<\/div>\n\t\t\t\t<div class=\"elementor-element elementor-element-26ac91e elementor-widget elementor-widget-heading\" data-id=\"26ac91e\" data-element_type=\"widget\" data-e-type=\"widget\" data-widget_type=\"heading.default\">\n\t\t\t\t<div class=\"elementor-widget-container\">\n\t\t\t\t\t<div class=\"elementor-heading-title elementor-size-default\">Av. Pres. Juscelino Kubitschek, 2235<br>Vila Ol\u00edmpia, 04543-011<br>S\u00e3o Paulo\/SP <br>Brasil<\/div>\t\t\t\t<\/div>\n\t\t\t\t<\/div>\n\t\t\t\t<div class=\"elementor-element elementor-element-feaf395 elementor-widget elementor-widget-heading\" data-id=\"feaf395\" data-element_type=\"widget\" data-e-type=\"widget\" data-widget_type=\"heading.default\">\n\t\t\t\t<div class=\"elementor-widget-container\">\n\t\t\t\t\t<div class=\"elementor-heading-title elementor-size-default\"><span>Av. Rivera Navarrete, 475<\/span><br><span>San Isidro, 15046<\/span><br><span>Lima\/PE-LIM<\/span><br>Peru<\/div>\t\t\t\t<\/div>\n\t\t\t\t<\/div>\n\t\t\t\t<\/div>\n\t\t\t\t<div class=\"elementor-element elementor-element-62b2970 elementor-widget elementor-widget-heading\" data-id=\"62b2970\" data-element_type=\"widget\" data-e-type=\"widget\" data-widget_type=\"heading.default\">\n\t\t\t\t<div class=\"elementor-widget-container\">\n\t\t\t\t\t<span class=\"elementor-heading-title elementor-size-default\">Siga-nos nas redes sociais<\/span>\t\t\t\t<\/div>\n\t\t\t\t<\/div>\n\t\t\t\t<div class=\"elementor-element elementor-element-d624311 e-grid-align-left elementor-shape-rounded elementor-grid-0 elementor-widget elementor-widget-social-icons\" data-id=\"d624311\" data-element_type=\"widget\" data-e-type=\"widget\" data-widget_type=\"social-icons.default\">\n\t\t\t\t<div class=\"elementor-widget-container\">\n\t\t\t\t\t\t\t<div class=\"elementor-social-icons-wrapper elementor-grid\" role=\"list\">\n\t\t\t\t\t\t\t<span class=\"elementor-grid-item\" role=\"listitem\">\n\t\t\t\t\t<a class=\"elementor-icon elementor-social-icon elementor-social-icon-instagram elementor-repeater-item-837206a\" href=\"https:\/\/www.instagram.com\/waycarbon\" target=\"_blank\" rel=\"nofollow noopener\">\n\t\t\t\t\t\t<span class=\"elementor-screen-only\">Instagram<\/span>\n\t\t\t\t\t\t<svg aria-hidden=\"true\" class=\"e-font-icon-svg e-fab-instagram\" viewBox=\"0 0 448 512\" xmlns=\"http:\/\/www.w3.org\/2000\/svg\"><path d=\"M224.1 141c-63.6 0-114.9 51.3-114.9 114.9s51.3 114.9 114.9 114.9S339 319.5 339 255.9 287.7 141 224.1 141zm0 189.6c-41.1 0-74.7-33.5-74.7-74.7s33.5-74.7 74.7-74.7 74.7 33.5 74.7 74.7-33.6 74.7-74.7 74.7zm146.4-194.3c0 14.9-12 26.8-26.8 26.8-14.9 0-26.8-12-26.8-26.8s12-26.8 26.8-26.8 26.8 12 26.8 26.8zm76.1 27.2c-1.7-35.9-9.9-67.7-36.2-93.9-26.2-26.2-58-34.4-93.9-36.2-37-2.1-147.9-2.1-184.9 0-35.8 1.7-67.6 9.9-93.9 36.1s-34.4 58-36.2 93.9c-2.1 37-2.1 147.9 0 184.9 1.7 35.9 9.9 67.7 36.2 93.9s58 34.4 93.9 36.2c37 2.1 147.9 2.1 184.9 0 35.9-1.7 67.7-9.9 93.9-36.2 26.2-26.2 34.4-58 36.2-93.9 2.1-37 2.1-147.8 0-184.8zM398.8 388c-7.8 19.6-22.9 34.7-42.6 42.6-29.5 11.7-99.5 9-132.1 9s-102.7 2.6-132.1-9c-19.6-7.8-34.7-22.9-42.6-42.6-11.7-29.5-9-99.5-9-132.1s-2.6-102.7 9-132.1c7.8-19.6 22.9-34.7 42.6-42.6 29.5-11.7 99.5-9 132.1-9s102.7-2.6 132.1 9c19.6 7.8 34.7 22.9 42.6 42.6 11.7 29.5 9 99.5 9 132.1s2.7 102.7-9 132.1z\"><\/path><\/svg>\t\t\t\t\t<\/a>\n\t\t\t\t<\/span>\n\t\t\t\t\t\t\t<span class=\"elementor-grid-item\" role=\"listitem\">\n\t\t\t\t\t<a class=\"elementor-icon elementor-social-icon elementor-social-icon-linkedin elementor-repeater-item-2c4f535\" href=\"https:\/\/www.linkedin.com\/company\/waycarbon\" target=\"_blank\" rel=\"nofollow noopener\">\n\t\t\t\t\t\t<span class=\"elementor-screen-only\">Linkedin<\/span>\n\t\t\t\t\t\t<svg aria-hidden=\"true\" class=\"e-font-icon-svg e-fab-linkedin\" viewBox=\"0 0 448 512\" xmlns=\"http:\/\/www.w3.org\/2000\/svg\"><path d=\"M416 32H31.9C14.3 32 0 46.5 0 64.3v383.4C0 465.5 14.3 480 31.9 480H416c17.6 0 32-14.5 32-32.3V64.3c0-17.8-14.4-32.3-32-32.3zM135.4 416H69V202.2h66.5V416zm-33.2-243c-21.3 0-38.5-17.3-38.5-38.5S80.9 96 102.2 96c21.2 0 38.5 17.3 38.5 38.5 0 21.3-17.2 38.5-38.5 38.5zm282.1 243h-66.4V312c0-24.8-.5-56.7-34.5-56.7-34.6 0-39.9 27-39.9 54.9V416h-66.4V202.2h63.7v29.2h.9c8.9-16.8 30.6-34.5 62.9-34.5 67.2 0 79.7 44.3 79.7 101.9V416z\"><\/path><\/svg>\t\t\t\t\t<\/a>\n\t\t\t\t<\/span>\n\t\t\t\t\t\t\t<span class=\"elementor-grid-item\" role=\"listitem\">\n\t\t\t\t\t<a class=\"elementor-icon elementor-social-icon elementor-social-icon-youtube elementor-repeater-item-c4a99c7\" href=\"https:\/\/www.youtube.com\/channel\/UCCQ4FnMNVu-DNJepboVTJ3g\" target=\"_blank\" rel=\"nofollow noopener\">\n\t\t\t\t\t\t<span class=\"elementor-screen-only\">Youtube<\/span>\n\t\t\t\t\t\t<svg aria-hidden=\"true\" class=\"e-font-icon-svg e-fab-youtube\" viewBox=\"0 0 576 512\" xmlns=\"http:\/\/www.w3.org\/2000\/svg\"><path d=\"M549.655 124.083c-6.281-23.65-24.787-42.276-48.284-48.597C458.781 64 288 64 288 64S117.22 64 74.629 75.486c-23.497 6.322-42.003 24.947-48.284 48.597-11.412 42.867-11.412 132.305-11.412 132.305s0 89.438 11.412 132.305c6.281 23.65 24.787 41.5 48.284 47.821C117.22 448 288 448 288 448s170.78 0 213.371-11.486c23.497-6.321 42.003-24.171 48.284-47.821 11.412-42.867 11.412-132.305 11.412-132.305s0-89.438-11.412-132.305zm-317.51 213.508V175.185l142.739 81.205-142.739 81.201z\"><\/path><\/svg>\t\t\t\t\t<\/a>\n\t\t\t\t<\/span>\n\t\t\t\t\t<\/div>\n\t\t\t\t\t\t<\/div>\n\t\t\t\t<\/div>\n\t\t\t\t<\/div>\n\t\t<div class=\"elementor-element elementor-element-5cf22d4 e-con-full e-flex e-con e-child\" data-id=\"5cf22d4\" data-element_type=\"container\" data-e-type=\"container\" data-settings=\"{&quot;background_background&quot;:&quot;classic&quot;}\">\n\t\t\t\t<div class=\"elementor-element elementor-element-e33caee elementor-widget elementor-widget-shortcode\" data-id=\"e33caee\" data-element_type=\"widget\" data-e-type=\"widget\" data-widget_type=\"shortcode.default\">\n\t\t\t\t<div class=\"elementor-widget-container\">\n\t\t\t\t\t\t\t<div class=\"elementor-shortcode\">\n<div class=\"wpcf7 no-js\" id=\"wpcf7-f1506-o1\" lang=\"pt-BR\" dir=\"ltr\" data-wpcf7-id=\"1506\">\n<div class=\"screen-reader-response\"><p role=\"status\" aria-live=\"polite\" aria-atomic=\"true\"><\/p> <ul><\/ul><\/div>\n<form action=\"\/pt\/wp-json\/wp\/v2\/pages\/929#wpcf7-f1506-o1\" method=\"post\" class=\"wpcf7-form init\" name=\"site-contato-pt\" aria-label=\"Formul\u00e1rios de contato\" novalidate=\"novalidate\" data-status=\"init\">\n<fieldset class=\"hidden-fields-container\"><input type=\"hidden\" name=\"_wpcf7\" value=\"1506\" \/><input type=\"hidden\" name=\"_wpcf7_version\" value=\"6.1.5\" \/><input type=\"hidden\" name=\"_wpcf7_locale\" value=\"pt_BR\" \/><input type=\"hidden\" name=\"_wpcf7_unit_tag\" value=\"wpcf7-f1506-o1\" \/><input type=\"hidden\" name=\"_wpcf7_container_post\" value=\"0\" \/><input type=\"hidden\" name=\"_wpcf7_posted_data_hash\" value=\"\" \/>\n<\/fieldset>\n<div class=\"mx-auto\"><div class=\"mb-3\"><label for=\"contact-name\" class=\"form-label\">Nome<\/label><span class=\"wpcf7-form-control-wrap\" data-name=\"your-name\"><input size=\"40\" maxlength=\"400\" class=\"wpcf7-form-control wpcf7-text wpcf7-validates-as-required form-control form-control-lg rounded-0\" id=\"contact-name\" autocomplete=\"name\" aria-required=\"true\" aria-invalid=\"false\" placeholder=\"\" value=\"\" type=\"text\" name=\"your-name\" \/><\/span><\/div><div class=\"row\"><div class=\"col-md\"><div class=\"mb-3\"><label for=\"contact-email\" class=\"form-label\">E-mail<\/label><span class=\"wpcf7-form-control-wrap\" data-name=\"your-email\"><input size=\"40\" maxlength=\"400\" class=\"wpcf7-form-control wpcf7-email wpcf7-validates-as-required wpcf7-text wpcf7-validates-as-email form-control form-control-lg rounded-0\" id=\"contact-email\" autocomplete=\"email\" aria-required=\"true\" aria-invalid=\"false\" placeholder=\"\" value=\"\" type=\"email\" name=\"your-email\" \/><\/span><\/div><\/div><div class=\"col-md\"><div class=\"mb-3\"><label for=\"contact-tel\" class=\"form-label\">Telefone<\/label><span class=\"wpcf7-form-control-wrap\" data-name=\"your-tel\"><input size=\"40\" maxlength=\"400\" class=\"wpcf7-form-control wpcf7-tel wpcf7-validates-as-required wpcf7-text wpcf7-validates-as-tel form-control form-control-lg rounded-0\" id=\"contact-tel\" autocomplete=\"tel\" aria-required=\"true\" aria-invalid=\"false\" placeholder=\"\" value=\"\" type=\"tel\" name=\"your-tel\" \/><\/span><\/div><\/div><\/div><div class=\"row\"><div class=\"col-md\"><div class=\"mb-3\"><label for=\"contact-organization\" class=\"form-label\">Empresa<\/label><span class=\"wpcf7-form-control-wrap\" data-name=\"your-organization\"><input size=\"40\" maxlength=\"400\" class=\"wpcf7-form-control wpcf7-text wpcf7-validates-as-required form-control form-control-lg rounded-0\" id=\"contact-organization\" autocomplete=\"organization\" aria-required=\"true\" aria-invalid=\"false\" placeholder=\"\" value=\"\" type=\"text\" name=\"your-organization\" \/><\/span><\/div><\/div><div class=\"col-md\"><div class=\"mb-3\"><label for=\"contact-organization-title\" class=\"form-label\">Cargo<\/label><span class=\"wpcf7-form-control-wrap\" data-name=\"your-organization-title\"><input size=\"40\" maxlength=\"400\" class=\"wpcf7-form-control wpcf7-text wpcf7-validates-as-required form-control form-control-lg rounded-0\" id=\"contact-organization-title\" autocomplete=\"organization-title\" aria-required=\"true\" aria-invalid=\"false\" placeholder=\"\" value=\"\" type=\"text\" name=\"your-organization-title\" \/><\/span><\/div><\/div><\/div><div class=\"row\"><div class=\"col-md\"><div class=\"mb-3\"><label for=\"contact-organization-area\" class=\"form-label\">\u00c1rea<\/label><span class=\"wpcf7-form-control-wrap\" data-name=\"organization-area\"><input size=\"40\" maxlength=\"400\" class=\"wpcf7-form-control wpcf7-text wpcf7-validates-as-required form-control form-control-lg rounded-0\" id=\"contact-organization-area\" aria-required=\"true\" aria-invalid=\"false\" placeholder=\"\" value=\"\" type=\"text\" name=\"organization-area\" \/><\/span><\/div><\/div><div class=\"col-md\"><div class=\"mb-3\"><label for=\"contact-organization-listed\" class=\"form-label\">A empresa \u00e9 de capital aberto?<\/label><div class=\"mt-2\"><span class=\"wpcf7-form-control-wrap\" data-name=\"organization-listed\"><span class=\"wpcf7-form-control wpcf7-radio\" id=\"contact-organization-listed\"><span class=\"wpcf7-list-item first\"><input type=\"radio\" name=\"organization-listed\" value=\"Sim\" \/><span class=\"wpcf7-list-item-label\">Sim<\/span><\/span><span class=\"wpcf7-list-item last\"><input type=\"radio\" name=\"organization-listed\" value=\"N\u00e3o\" \/><span class=\"wpcf7-list-item-label\">N\u00e3o<\/span><\/span><\/span><\/span><\/div><\/div><\/div><\/div><div class=\"row\"><div class=\"col-md\"><div class=\"mb-3\"><label for=\"contact-organization-registration\" class=\"form-label\">CNPJ<\/label><span class=\"wpcf7-form-control-wrap\" data-name=\"organization-registration\"><input size=\"40\" maxlength=\"400\" class=\"wpcf7-form-control wpcf7-text form-control form-control-lg rounded-0\" id=\"contact-organization-registration\" aria-invalid=\"false\" placeholder=\"\" value=\"\" type=\"text\" name=\"organization-registration\" \/><\/span><\/div><\/div><div class=\"col-md\"><label for=\"contact-employees\" class=\"form-label\">N\u00famero de Funcion\u00e1rios<\/label><span class=\"wpcf7-form-control-wrap\" data-name=\"organization-employees\"><select class=\"wpcf7-form-control wpcf7-select wpcf7-validates-as-required form-select form-control-lg rounded-0\" id=\"contact-employees\" aria-required=\"true\" aria-invalid=\"false\" name=\"organization-employees\"><option value=\"\">&#8212;Escolha uma op\u00e7\u00e3o&#8212;<\/option><option value=\"1-200\">1-200<\/option><option value=\"201-500\">201-500<\/option><option value=\"500-1000\">500-1000<\/option><option value=\"1000+\">1000+<\/option><\/select><\/span><\/div><\/div><div class=\"row\"><div class=\"col-md\"><div class=\"mb-3\"><label for=\"contact-how-did-waycarbon\" class=\"form-label\">Como conheceu a WayCarbon?<\/label><span class=\"wpcf7-form-control-wrap\" data-name=\"how-did-waycarbon\"><select class=\"wpcf7-form-control wpcf7-select wpcf7-validates-as-required form-select form-control-lg rounded-0\" id=\"contact-how-did-waycarbon\" aria-required=\"true\" aria-invalid=\"false\" name=\"how-did-waycarbon\"><option value=\"\">&#8212;Escolha uma op\u00e7\u00e3o&#8212;<\/option><option value=\"Busca org\u00e2nica (Google, Bing, entre outros)\">Busca org\u00e2nica (Google, Bing, entre outros)<\/option><option value=\"Imprensa\">Imprensa<\/option><option value=\"Redes Sociais\">Redes Sociais<\/option><option value=\"Indica\u00e7\u00e3o\">Indica\u00e7\u00e3o<\/option><option value=\"Eventos\">Eventos<\/option><option value=\"An\u00fancios em ve\u00edculos de comunica\u00e7\u00e3o ou redes sociais\">An\u00fancios em ve\u00edculos de comunica\u00e7\u00e3o ou redes sociais<\/option><\/select><\/span><\/div><\/div><div class=\"col-md\"><label for=\"contact-need\" class=\"form-label\">Necessidade<\/label><span class=\"wpcf7-form-control-wrap\" data-name=\"organization-need\"><select class=\"wpcf7-form-control wpcf7-select wpcf7-validates-as-required form-select form-control-lg rounded-0\" id=\"contact-need\" aria-required=\"true\" aria-invalid=\"false\" name=\"organization-need\"><option value=\"\">&#8212;Escolha uma op\u00e7\u00e3o&#8212;<\/option><option value=\"Cursos, treinamentos, palestras e workshops\">Cursos, treinamentos, palestras e workshops<\/option><option value=\"Descarboniza\u00e7\u00e3o\">Descarboniza\u00e7\u00e3o<\/option><option value=\"Finan\u00e7as Sustent\u00e1veis\">Finan\u00e7as Sustent\u00e1veis<\/option><option value=\"Riscos clim\u00e1ticos e Adapta\u00e7\u00e3o\">Riscos clim\u00e1ticos e Adapta\u00e7\u00e3o<\/option><option value=\"Biodiversidade\">Biodiversidade<\/option><option value=\"Reportes ESG\">Reportes ESG<\/option><option value=\"Estrat\u00e9gia ESG\">Estrat\u00e9gia ESG<\/option><option value=\"Mercado de Carbono\">Mercado de Carbono<\/option><option value=\"Plataforma WayCarbon Ecosystem\">Plataforma WayCarbon Ecosystem<\/option><option value=\"Outros\">Outros<\/option><\/select><\/span><\/div><\/div><div class=\"mb-3\"><label for=\"contact-message\" class=\"form-label\">Mensagem<\/label><span class=\"wpcf7-form-control-wrap\" data-name=\"message\"><textarea cols=\"40\" rows=\"4\" maxlength=\"2000\" class=\"wpcf7-form-control wpcf7-textarea wpcf7-validates-as-required form-control form-control-lg rounded-0\" id=\"contact-message\" aria-required=\"true\" aria-invalid=\"false\" placeholder=\"\" name=\"message\"><\/textarea><\/span><\/div><div class=\"d-flex flex-row flex-nowrap gap-2 align-items-center mb-3\"><span class=\"wpcf7-form-control-wrap\" data-name=\"accept-terms\"><span class=\"wpcf7-form-control wpcf7-acceptance\"><span class=\"wpcf7-list-item\"><input type=\"checkbox\" name=\"accept-terms\" value=\"1\" class=\"form-check-input\" id=\"contact-terms\" aria-invalid=\"false\" \/><\/span><\/span><\/span><label class=\"form-check-label\" for=\"contact-terms\">Marque esta caixa para aceitar as <a href=\"https:\/\/waycarbon.com\/wp-content\/uploads\/2024\/07\/Politica-de-Privacidade-do-Site.pdf\" target=\"_blank\" rel=\"noreferrer noopener\">pol\u00edticas de privacidade<\/a> e <a href=\"https:\/\/waycarbon.com\/wp-content\/uploads\/2024\/07\/Politica-de-Privacidade-do-Site.pdf\" target=\"_blank\" rel=\"noreferrer noopener\">termos de uso<\/a>.<\/label><\/div><div class=\"d-grid\"><div class=\"wpcf7-turnstile cf-turnstile\" data-sitekey=\"0x4AAAAAACLKNpTU3SjlWxAj\" data-response-field-name=\"_wpcf7_turnstile_response\"><\/div><input class=\"wpcf7-form-control wpcf7-submit has-spinner btn btn-primary\" id=\"contact-submit\" type=\"submit\" value=\"ENVIAR\" \/><\/div><\/div><div class=\"wpcf7-response-output\" aria-hidden=\"true\"><\/div>\n<\/form>\n<\/div>\n<\/div>\n\t\t\t\t\t\t<\/div>\n\t\t\t\t<\/div>\n\t\t\t\t<\/div>\n\t\t\t\t<\/div>\n\t\t\t\t\t<\/div>\n\t\t\t\t<\/div>\n\t\t<div class=\"elementor-element elementor-element-fed27b9 e-flex e-con-boxed e-con e-parent\" data-id=\"fed27b9\" data-element_type=\"container\" data-e-type=\"container\">\n\t\t\t\t\t<div class=\"e-con-inner\">\n\t\t\t\t\t<\/div>\n\t\t\t\t<\/div>\n\t\t\t\t<\/div>\n\t\t","protected":false},"excerpt":{"rendered":"<p>Contato Fale com um especialista A WayCarbon \u00e9 especializada em temas ESG. Caso queira indicar uma quest\u00e3o espec\u00edfica, podemos conduzir a nossa conversa de maneira mais direta. Do contr\u00e1rio, fique \u00e0 vontade em selecionar a op\u00e7\u00e3o Outros e nos dizer qual \u00e9 o seu interesse espec\u00edfico. +55 31 3656-0501\u200b Escrit\u00f3rios principais R. Bernardo Guimar\u00e3es, 166 [&hellip;]<\/p>\n","protected":false},"author":2,"featured_media":0,"parent":0,"menu_order":0,"comment_status":"closed","ping_status":"closed","template":"","meta":{"_acf_changed":false,"footnotes":""},"class_list":["post-929","page","type-page","status-publish","hentry"],"acf":[],"_links":{"self":[{"href":"https:\/\/waycarbon.com\/pt\/wp-json\/wp\/v2\/pages\/929","targetHints":{"allow":["GET"]}}],"collection":[{"href":"https:\/\/waycarbon.com\/pt\/wp-json\/wp\/v2\/pages"}],"about":[{"href":"https:\/\/waycarbon.com\/pt\/wp-json\/wp\/v2\/types\/page"}],"author":[{"embeddable":true,"href":"https:\/\/waycarbon.com\/pt\/wp-json\/wp\/v2\/users\/2"}],"replies":[{"embeddable":true,"href":"https:\/\/waycarbon.com\/pt\/wp-json\/wp\/v2\/comments?post=929"}],"version-history":[{"count":10,"href":"https:\/\/waycarbon.com\/pt\/wp-json\/wp\/v2\/pages\/929\/revisions"}],"predecessor-version":[{"id":11959,"href":"https:\/\/waycarbon.com\/pt\/wp-json\/wp\/v2\/pages\/929\/revisions\/11959"}],"wp:attachment":[{"href":"https:\/\/waycarbon.com\/pt\/wp-json\/wp\/v2\/media?parent=929"}],"curies":[{"name":"wp","href":"https:\/\/api.w.org\/{rel}","templated":true}]}}