{"id":277,"date":"2024-07-15T16:24:08","date_gmt":"2024-07-15T19:24:08","guid":{"rendered":"http:\/\/waycarbon.local\/?page_id=277"},"modified":"2024-11-13T08:30:29","modified_gmt":"2024-11-13T11:30:29","slug":"carreiras","status":"publish","type":"page","link":"https:\/\/waycarbon.com\/pt\/carreiras\/","title":{"rendered":"Carreiras"},"content":{"rendered":"\t\t<div data-elementor-type=\"wp-page\" data-elementor-id=\"277\" class=\"elementor elementor-277\" data-elementor-post-type=\"page\">\n\t\t\t\t<div class=\"elementor-element elementor-element-3969f1e3 e-con-full e-flex e-con e-parent\" data-id=\"3969f1e3\" data-element_type=\"container\" data-e-type=\"container\" id=\"hero-banner\" data-settings=\"{&quot;background_background&quot;:&quot;classic&quot;}\">\n\t\t<div class=\"elementor-element elementor-element-5e97ab0f e-con-full e-flex e-con e-child\" data-id=\"5e97ab0f\" data-element_type=\"container\" data-e-type=\"container\">\n\t\t\t\t<div class=\"elementor-element elementor-element-4a7d0e83 elementor-widget elementor-widget-heading\" data-id=\"4a7d0e83\" data-element_type=\"widget\" data-e-type=\"widget\" data-widget_type=\"heading.default\">\n\t\t\t\t<div class=\"elementor-widget-container\">\n\t\t\t\t\t<h1 class=\"elementor-heading-title elementor-size-default\">Carreiras<\/h1>\t\t\t\t<\/div>\n\t\t\t\t<\/div>\n\t\t\t\t<\/div>\n\t\t\t\t<\/div>\n\t\t<div class=\"elementor-element elementor-element-adf85c0 e-con-full e-flex e-con e-parent\" data-id=\"adf85c0\" data-element_type=\"container\" data-e-type=\"container\">\n\t\t<div class=\"elementor-element elementor-element-ec17e50 e-flex e-con-boxed e-con e-child\" data-id=\"ec17e50\" data-element_type=\"container\" data-e-type=\"container\">\n\t\t\t\t\t<div class=\"e-con-inner\">\n\t\t\t\t<div class=\"elementor-element elementor-element-dd50493 elementor-widget elementor-widget-heading\" data-id=\"dd50493\" data-element_type=\"widget\" data-e-type=\"widget\" data-widget_type=\"heading.default\">\n\t\t\t\t<div class=\"elementor-widget-container\">\n\t\t\t\t\t<h2 class=\"elementor-heading-title elementor-size-default\">Fa\u00e7a parte de uma equipe movida por um prop\u00f3sito transformador<\/h2>\t\t\t\t<\/div>\n\t\t\t\t<\/div>\n\t\t\t\t<div class=\"elementor-element elementor-element-f3975cb elementor-widget elementor-widget-text-editor\" data-id=\"f3975cb\" data-element_type=\"widget\" data-e-type=\"widget\" data-widget_type=\"text-editor.default\">\n\t\t\t\t<div class=\"elementor-widget-container\">\n\t\t\t\t\t\t\t\t\t<p>Na WayCarbon, estamos em busca de profissionais dedicados, que desejam contribuir ativamente para o nosso prop\u00f3sito de catalisar uma transi\u00e7\u00e3o justa e resiliente para uma economia Net-Zero.<\/p><p>Contamos com um time diverso, em v\u00e1rias regi\u00f5es do pa\u00eds e no exterior, comprometidos com quest\u00f5es socioambientais, criativos, cheios de prop\u00f3sito e capazes de atender nossos clientes nacionais e internacionais.<\/p>\t\t\t\t\t\t\t\t<\/div>\n\t\t\t\t<\/div>\n\t\t\t\t<div class=\"elementor-element elementor-element-668343c elementor-widget elementor-widget-button\" data-id=\"668343c\" data-element_type=\"widget\" data-e-type=\"widget\" data-widget_type=\"button.default\">\n\t\t\t\t<div class=\"elementor-widget-container\">\n\t\t\t\t\t\t\t\t\t<div class=\"elementor-button-wrapper\">\n\t\t\t\t\t<a class=\"elementor-button elementor-button-link elementor-size-sm\" href=\"https:\/\/waycarbon.gupy.io\/\" target=\"_blank\" rel=\"nofollow noopener\">\n\t\t\t\t\t\t<span class=\"elementor-button-content-wrapper\">\n\t\t\t\t\t\t\t\t\t<span class=\"elementor-button-text\">Junte-se a n\u00f3s.<\/span>\n\t\t\t\t\t<\/span>\n\t\t\t\t\t<\/a>\n\t\t\t\t<\/div>\n\t\t\t\t\t\t\t\t<\/div>\n\t\t\t\t<\/div>\n\t\t\t\t\t<\/div>\n\t\t\t\t<\/div>\n\t\t<div class=\"elementor-element elementor-element-079a992 e-flex e-con-boxed e-con e-child\" data-id=\"079a992\" data-element_type=\"container\" data-e-type=\"container\">\n\t\t\t\t\t<div class=\"e-con-inner\">\n\t\t\t\t<div class=\"elementor-element elementor-element-e734f70 elementor-widget elementor-widget-image\" data-id=\"e734f70\" data-element_type=\"widget\" data-e-type=\"widget\" data-widget_type=\"image.default\">\n\t\t\t\t<div class=\"elementor-widget-container\">\n\t\t\t\t\t\t\t\t\t\t\t\t\t\t\t<img decoding=\"async\" src=\"https:\/\/waycarbon.com\/pt\/wp-content\/uploads\/sites\/3\/elementor\/thumbs\/shutterstock_2242410029-2-scaled-qs2qqqb63n99yxciqfzwkr013hcuwccvmw90ul4i98.webp\" title=\"shutterstock_2242410029-2\" alt=\"shutterstock_2242410029-2\" loading=\"lazy\" \/>\t\t\t\t\t\t\t\t\t\t\t\t\t\t\t<\/div>\n\t\t\t\t<\/div>\n\t\t\t\t\t<\/div>\n\t\t\t\t<\/div>\n\t\t\t\t<\/div>\n\t\t<div class=\"elementor-element elementor-element-7890e01 e-con-full e-flex e-con e-parent\" data-id=\"7890e01\" data-element_type=\"container\" data-e-type=\"container\" data-settings=\"{&quot;background_background&quot;:&quot;classic&quot;}\">\n\t\t<div class=\"elementor-element elementor-element-4b48b34 e-flex e-con-boxed e-con e-child\" data-id=\"4b48b34\" data-element_type=\"container\" data-e-type=\"container\">\n\t\t\t\t\t<div class=\"e-con-inner\">\n\t\t\t\t<div class=\"elementor-element elementor-element-41a03ee elementor-widget elementor-widget-image\" data-id=\"41a03ee\" data-element_type=\"widget\" data-e-type=\"widget\" data-widget_type=\"image.default\">\n\t\t\t\t<div class=\"elementor-widget-container\">\n\t\t\t\t\t\t\t\t\t\t\t\t\t\t\t<img loading=\"lazy\" decoding=\"async\" width=\"565\" height=\"430\" src=\"https:\/\/waycarbon.com\/pt\/wp-content\/uploads\/sites\/3\/2024\/07\/Rectangle-446.png\" class=\"attachment-large size-large wp-image-1362\" alt=\"\" srcset=\"https:\/\/waycarbon.com\/pt\/wp-content\/uploads\/sites\/3\/2024\/07\/Rectangle-446.png 565w, https:\/\/waycarbon.com\/pt\/wp-content\/uploads\/sites\/3\/2024\/07\/Rectangle-446-300x228.png 300w\" sizes=\"auto, (max-width: 565px) 100vw, 565px\" \/>\t\t\t\t\t\t\t\t\t\t\t\t\t\t\t<\/div>\n\t\t\t\t<\/div>\n\t\t\t\t\t<\/div>\n\t\t\t\t<\/div>\n\t\t<div class=\"elementor-element elementor-element-bc12ed6 e-flex e-con-boxed e-con e-child\" data-id=\"bc12ed6\" data-element_type=\"container\" data-e-type=\"container\">\n\t\t\t\t\t<div class=\"e-con-inner\">\n\t\t\t\t<div class=\"elementor-element elementor-element-8f293ee elementor-widget elementor-widget-heading\" data-id=\"8f293ee\" data-element_type=\"widget\" data-e-type=\"widget\" data-widget_type=\"heading.default\">\n\t\t\t\t<div class=\"elementor-widget-container\">\n\t\t\t\t\t<h2 class=\"elementor-heading-title elementor-size-default\">Diversidade e Inclus\u00e3o<\/h2>\t\t\t\t<\/div>\n\t\t\t\t<\/div>\n\t\t\t\t<div class=\"elementor-element elementor-element-06ed966 elementor-widget elementor-widget-text-editor\" data-id=\"06ed966\" data-element_type=\"widget\" data-e-type=\"widget\" data-widget_type=\"text-editor.default\">\n\t\t\t\t<div class=\"elementor-widget-container\">\n\t\t\t\t\t\t\t\t\t<p>Na WayCarbon, acreditamos firmemente na import\u00e2ncia da diversidade e na valoriza\u00e7\u00e3o da inclus\u00e3o social. Temos a convic\u00e7\u00e3o de que a pluralidade de ideias, contextos e experi\u00eancias enriquece significativamente o nosso trabalho e nos permite gerar resultados ainda mais expressivos.<\/p>\t\t\t\t\t\t\t\t<\/div>\n\t\t\t\t<\/div>\n\t\t\t\t\t<\/div>\n\t\t\t\t<\/div>\n\t\t\t\t<\/div>\n\t\t<div class=\"elementor-element elementor-element-836c907 e-con-full e-flex e-con e-parent\" data-id=\"836c907\" data-element_type=\"container\" data-e-type=\"container\" data-settings=\"{&quot;background_background&quot;:&quot;classic&quot;}\">\n\t\t\t\t<div class=\"elementor-element elementor-element-60b5cf9 elementor-widget elementor-widget-heading\" data-id=\"60b5cf9\" data-element_type=\"widget\" data-e-type=\"widget\" data-widget_type=\"heading.default\">\n\t\t\t\t<div class=\"elementor-widget-container\">\n\t\t\t\t\t<h2 class=\"elementor-heading-title elementor-size-default\">Ambiente de Trabalho Din\u00e2mico e Transparente<\/h2>\t\t\t\t<\/div>\n\t\t\t\t<\/div>\n\t\t\t\t<div class=\"elementor-element elementor-element-b6fb1ea elementor-widget__width-initial elementor-widget elementor-widget-text-editor\" data-id=\"b6fb1ea\" data-element_type=\"widget\" data-e-type=\"widget\" data-widget_type=\"text-editor.default\">\n\t\t\t\t<div class=\"elementor-widget-container\">\n\t\t\t\t\t\t\t\t\t<p>Os profissionais que fazem parte da equipe da WayCarbon vivenciam um ambiente de trabalho din\u00e2mico, impulsionado por uma gest\u00e3o transparente e colaborativa. Aqui, voc\u00ea ter\u00e1 a oportunidade \u00fanica de trabalhar com grandes empresas privadas, governos e organiza\u00e7\u00f5es multilaterais. Se voc\u00ea busca fazer parte de uma equipe comprometida em enfrentar os desafios mais urgentes do nosso tempo e criar um impacto positivo duradouro, a WayCarbon \u00e9 o lugar certo para voc\u00ea. Junte-se a n\u00f3s.<\/p>\t\t\t\t\t\t\t\t<\/div>\n\t\t\t\t<\/div>\n\t\t\t\t<div class=\"elementor-element elementor-element-1f875b9 elementor-widget elementor-widget-button\" data-id=\"1f875b9\" data-element_type=\"widget\" data-e-type=\"widget\" data-widget_type=\"button.default\">\n\t\t\t\t<div class=\"elementor-widget-container\">\n\t\t\t\t\t\t\t\t\t<div class=\"elementor-button-wrapper\">\n\t\t\t\t\t<a class=\"elementor-button elementor-button-link elementor-size-sm\" href=\"https:\/\/waycarbon.gupy.io\/\" target=\"_blank\" rel=\"nofollow noopener\">\n\t\t\t\t\t\t<span class=\"elementor-button-content-wrapper\">\n\t\t\t\t\t\t\t\t\t<span class=\"elementor-button-text\">Veja as vagas dispon\u00edveis.<\/span>\n\t\t\t\t\t<\/span>\n\t\t\t\t\t<\/a>\n\t\t\t\t<\/div>\n\t\t\t\t\t\t\t\t<\/div>\n\t\t\t\t<\/div>\n\t\t\t\t<\/div>\n\t\t\t\t<\/div>\n\t\t","protected":false},"excerpt":{"rendered":"<p>Carreiras Fa\u00e7a parte de uma equipe movida por um prop\u00f3sito transformador Na WayCarbon, estamos em busca de profissionais dedicados, que desejam contribuir ativamente para o nosso prop\u00f3sito de catalisar uma transi\u00e7\u00e3o justa e resiliente para uma economia Net-Zero. Contamos com um time diverso, em v\u00e1rias regi\u00f5es do pa\u00eds e no exterior, comprometidos com quest\u00f5es socioambientais, [&hellip;]<\/p>\n","protected":false},"author":2,"featured_media":0,"parent":0,"menu_order":0,"comment_status":"closed","ping_status":"closed","template":"","meta":{"_acf_changed":false,"footnotes":""},"class_list":["post-277","page","type-page","status-publish","hentry"],"acf":[],"_links":{"self":[{"href":"https:\/\/waycarbon.com\/pt\/wp-json\/wp\/v2\/pages\/277","targetHints":{"allow":["GET"]}}],"collection":[{"href":"https:\/\/waycarbon.com\/pt\/wp-json\/wp\/v2\/pages"}],"about":[{"href":"https:\/\/waycarbon.com\/pt\/wp-json\/wp\/v2\/types\/page"}],"author":[{"embeddable":true,"href":"https:\/\/waycarbon.com\/pt\/wp-json\/wp\/v2\/users\/2"}],"replies":[{"embeddable":true,"href":"https:\/\/waycarbon.com\/pt\/wp-json\/wp\/v2\/comments?post=277"}],"version-history":[{"count":10,"href":"https:\/\/waycarbon.com\/pt\/wp-json\/wp\/v2\/pages\/277\/revisions"}],"predecessor-version":[{"id":2601,"href":"https:\/\/waycarbon.com\/pt\/wp-json\/wp\/v2\/pages\/277\/revisions\/2601"}],"wp:attachment":[{"href":"https:\/\/waycarbon.com\/pt\/wp-json\/wp\/v2\/media?parent=277"}],"curies":[{"name":"wp","href":"https:\/\/api.w.org\/{rel}","templated":true}]}}