{"id":277,"date":"2024-07-15T16:24:08","date_gmt":"2024-07-15T19:24:08","guid":{"rendered":"http:\/\/waycarbon.local\/?page_id=277"},"modified":"2024-11-13T08:27:17","modified_gmt":"2024-11-13T11:27:17","slug":"carreras","status":"publish","type":"page","link":"https:\/\/waycarbon.com\/es\/carreras\/","title":{"rendered":"Carreras"},"content":{"rendered":"\t\t<div data-elementor-type=\"wp-page\" data-elementor-id=\"277\" class=\"elementor elementor-277\" data-elementor-post-type=\"page\">\n\t\t\t\t<div class=\"elementor-element elementor-element-3e27b902 e-con-full e-flex e-con e-parent\" data-id=\"3e27b902\" data-element_type=\"container\" data-e-type=\"container\" id=\"hero-banner\" data-settings=\"{&quot;background_background&quot;:&quot;classic&quot;}\">\n\t\t<div class=\"elementor-element elementor-element-30257be1 e-con-full e-flex e-con e-child\" data-id=\"30257be1\" data-element_type=\"container\" data-e-type=\"container\">\n\t\t\t\t<div class=\"elementor-element elementor-element-bf5085d elementor-widget elementor-widget-heading\" data-id=\"bf5085d\" data-element_type=\"widget\" data-e-type=\"widget\" data-widget_type=\"heading.default\">\n\t\t\t\t<div class=\"elementor-widget-container\">\n\t\t\t\t\t<h1 class=\"elementor-heading-title elementor-size-default\">Carreras<\/h1>\t\t\t\t<\/div>\n\t\t\t\t<\/div>\n\t\t\t\t<\/div>\n\t\t\t\t<\/div>\n\t\t<div class=\"elementor-element elementor-element-adf85c0 e-con-full e-flex e-con e-parent\" data-id=\"adf85c0\" data-element_type=\"container\" data-e-type=\"container\">\n\t\t<div class=\"elementor-element elementor-element-ec17e50 e-flex e-con-boxed e-con e-child\" data-id=\"ec17e50\" data-element_type=\"container\" data-e-type=\"container\">\n\t\t\t\t\t<div class=\"e-con-inner\">\n\t\t\t\t<div class=\"elementor-element elementor-element-dd50493 elementor-widget elementor-widget-heading\" data-id=\"dd50493\" data-element_type=\"widget\" data-e-type=\"widget\" data-widget_type=\"heading.default\">\n\t\t\t\t<div class=\"elementor-widget-container\">\n\t\t\t\t\t<h2 class=\"elementor-heading-title elementor-size-default\">Forma parte de un equipo impulsado por un prop\u00f3sito transformador<\/h2>\t\t\t\t<\/div>\n\t\t\t\t<\/div>\n\t\t\t\t<div class=\"elementor-element elementor-element-f3975cb elementor-widget elementor-widget-text-editor\" data-id=\"f3975cb\" data-element_type=\"widget\" data-e-type=\"widget\" data-widget_type=\"text-editor.default\">\n\t\t\t\t<div class=\"elementor-widget-container\">\n\t\t\t\t\t\t\t\t\t<p>En WayCarbon buscamos profesionales dedicados que quieran contribuir activamente a nuestro prop\u00f3sito de catalizar una transici\u00f3n justa y resiliente hacia una econom\u00eda Net-Zero.<\/p><p>Contamos con un equipo diverso, en varias regiones del pa\u00eds y en el extranjero, comprometido con las cuestiones socioambientales, creativo, lleno de prop\u00f3sito y capaz de servir a nuestros clientes nacionales e internacionales.<\/p>\t\t\t\t\t\t\t\t<\/div>\n\t\t\t\t<\/div>\n\t\t\t\t<div class=\"elementor-element elementor-element-668343c elementor-widget elementor-widget-button\" data-id=\"668343c\" data-element_type=\"widget\" data-e-type=\"widget\" data-widget_type=\"button.default\">\n\t\t\t\t<div class=\"elementor-widget-container\">\n\t\t\t\t\t\t\t\t\t<div class=\"elementor-button-wrapper\">\n\t\t\t\t\t<a class=\"elementor-button elementor-button-link elementor-size-sm\" href=\"https:\/\/waycarbon.gupy.io\/\" target=\"_blank\" rel=\"nofollow noopener\">\n\t\t\t\t\t\t<span class=\"elementor-button-content-wrapper\">\n\t\t\t\t\t\t\t\t\t<span class=\"elementor-button-text\">Consulte nuestras vacantes.<\/span>\n\t\t\t\t\t<\/span>\n\t\t\t\t\t<\/a>\n\t\t\t\t<\/div>\n\t\t\t\t\t\t\t\t<\/div>\n\t\t\t\t<\/div>\n\t\t\t\t\t<\/div>\n\t\t\t\t<\/div>\n\t\t<div class=\"elementor-element elementor-element-079a992 e-flex e-con-boxed e-con e-child\" data-id=\"079a992\" data-element_type=\"container\" data-e-type=\"container\">\n\t\t\t\t\t<div class=\"e-con-inner\">\n\t\t\t\t<div class=\"elementor-element elementor-element-e734f70 elementor-widget elementor-widget-image\" data-id=\"e734f70\" data-element_type=\"widget\" data-e-type=\"widget\" data-widget_type=\"image.default\">\n\t\t\t\t<div class=\"elementor-widget-container\">\n\t\t\t\t\t\t\t\t\t\t\t\t\t\t\t<img decoding=\"async\" src=\"https:\/\/waycarbon.com\/es\/wp-content\/uploads\/sites\/2\/elementor\/thumbs\/shutterstock_2242410029-2-scaled-qs2qzrjbsbmhk083zcktjgximstuvm807lz0wbqagc.webp\" title=\"shutterstock_2242410029-2\" alt=\"shutterstock_2242410029-2\" loading=\"lazy\" \/>\t\t\t\t\t\t\t\t\t\t\t\t\t\t\t<\/div>\n\t\t\t\t<\/div>\n\t\t\t\t\t<\/div>\n\t\t\t\t<\/div>\n\t\t\t\t<\/div>\n\t\t<div class=\"elementor-element elementor-element-7890e01 e-con-full e-flex e-con e-parent\" data-id=\"7890e01\" data-element_type=\"container\" data-e-type=\"container\" data-settings=\"{&quot;background_background&quot;:&quot;classic&quot;}\">\n\t\t<div class=\"elementor-element elementor-element-4b48b34 e-flex e-con-boxed e-con e-child\" data-id=\"4b48b34\" data-element_type=\"container\" data-e-type=\"container\">\n\t\t\t\t\t<div class=\"e-con-inner\">\n\t\t\t\t<div class=\"elementor-element elementor-element-41a03ee elementor-widget elementor-widget-image\" data-id=\"41a03ee\" data-element_type=\"widget\" data-e-type=\"widget\" data-widget_type=\"image.default\">\n\t\t\t\t<div class=\"elementor-widget-container\">\n\t\t\t\t\t\t\t\t\t\t\t\t\t\t\t<img loading=\"lazy\" decoding=\"async\" width=\"565\" height=\"430\" src=\"https:\/\/waycarbon.com\/es\/wp-content\/uploads\/sites\/2\/2024\/07\/Rectangle-446.png\" class=\"attachment-large size-large wp-image-1200\" alt=\"\" srcset=\"https:\/\/waycarbon.com\/es\/wp-content\/uploads\/sites\/2\/2024\/07\/Rectangle-446.png 565w, https:\/\/waycarbon.com\/es\/wp-content\/uploads\/sites\/2\/2024\/07\/Rectangle-446-300x228.png 300w\" sizes=\"auto, (max-width: 565px) 100vw, 565px\" \/>\t\t\t\t\t\t\t\t\t\t\t\t\t\t\t<\/div>\n\t\t\t\t<\/div>\n\t\t\t\t\t<\/div>\n\t\t\t\t<\/div>\n\t\t<div class=\"elementor-element elementor-element-bc12ed6 e-flex e-con-boxed e-con e-child\" data-id=\"bc12ed6\" data-element_type=\"container\" data-e-type=\"container\">\n\t\t\t\t\t<div class=\"e-con-inner\">\n\t\t\t\t<div class=\"elementor-element elementor-element-8f293ee elementor-widget elementor-widget-heading\" data-id=\"8f293ee\" data-element_type=\"widget\" data-e-type=\"widget\" data-widget_type=\"heading.default\">\n\t\t\t\t<div class=\"elementor-widget-container\">\n\t\t\t\t\t<h2 class=\"elementor-heading-title elementor-size-default\">Diversidad e inclusi\u00f3n<\/h2>\t\t\t\t<\/div>\n\t\t\t\t<\/div>\n\t\t\t\t<div class=\"elementor-element elementor-element-06ed966 elementor-widget elementor-widget-text-editor\" data-id=\"06ed966\" data-element_type=\"widget\" data-e-type=\"widget\" data-widget_type=\"text-editor.default\">\n\t\t\t\t<div class=\"elementor-widget-container\">\n\t\t\t\t\t\t\t\t\t<p>En WayCarbon creemos firmemente en la importancia de la diversidad y en la valoraci\u00f3n de la inclusi\u00f3n social. Estamos convencidos de que la pluralidad de ideas, contextos y experiencias enriquece significativamente nuestro trabajo y nos permite generar resultados a\u00fan m\u00e1s significativos.<\/p>\t\t\t\t\t\t\t\t<\/div>\n\t\t\t\t<\/div>\n\t\t\t\t\t<\/div>\n\t\t\t\t<\/div>\n\t\t\t\t<\/div>\n\t\t<div class=\"elementor-element elementor-element-836c907 e-con-full e-flex e-con e-parent\" data-id=\"836c907\" data-element_type=\"container\" data-e-type=\"container\" data-settings=\"{&quot;background_background&quot;:&quot;classic&quot;}\">\n\t\t\t\t<div class=\"elementor-element elementor-element-60b5cf9 elementor-widget elementor-widget-heading\" data-id=\"60b5cf9\" data-element_type=\"widget\" data-e-type=\"widget\" data-widget_type=\"heading.default\">\n\t\t\t\t<div class=\"elementor-widget-container\">\n\t\t\t\t\t<h2 class=\"elementor-heading-title elementor-size-default\">Entorno de trabajo din\u00e1mico y transparente<\/h2>\t\t\t\t<\/div>\n\t\t\t\t<\/div>\n\t\t\t\t<div class=\"elementor-element elementor-element-b6fb1ea elementor-widget__width-initial elementor-widget elementor-widget-text-editor\" data-id=\"b6fb1ea\" data-element_type=\"widget\" data-e-type=\"widget\" data-widget_type=\"text-editor.default\">\n\t\t\t\t<div class=\"elementor-widget-container\">\n\t\t\t\t\t\t\t\t\t<p>Los profesionales que forman parte del equipo de WayCarbon viven un entorno de trabajo din\u00e1mico, impulsado por una gesti\u00f3n transparente y colaborativa. Aqu\u00ed tendr\u00e1s la oportunidad \u00fanica de trabajar con grandes empresas privadas, gobiernos y organizaciones multilaterales. Si buscas formar parte de un equipo comprometido con la resoluci\u00f3n de los retos m\u00e1s acuciantes de nuestro tiempo y la creaci\u00f3n de un impacto positivo duradero, WayCarbon es el lugar adecuado para ti. \u00danete a nosotros.<\/p>\t\t\t\t\t\t\t\t<\/div>\n\t\t\t\t<\/div>\n\t\t\t\t<div class=\"elementor-element elementor-element-1f875b9 elementor-widget elementor-widget-button\" data-id=\"1f875b9\" data-element_type=\"widget\" data-e-type=\"widget\" data-widget_type=\"button.default\">\n\t\t\t\t<div class=\"elementor-widget-container\">\n\t\t\t\t\t\t\t\t\t<div class=\"elementor-button-wrapper\">\n\t\t\t\t\t<a class=\"elementor-button elementor-button-link elementor-size-sm\" href=\"https:\/\/waycarbon.gupy.io\/\" target=\"_blank\" rel=\"nofollow noopener\">\n\t\t\t\t\t\t<span class=\"elementor-button-content-wrapper\">\n\t\t\t\t\t\t\t\t\t<span class=\"elementor-button-text\">\u00danete a nosotros.<\/span>\n\t\t\t\t\t<\/span>\n\t\t\t\t\t<\/a>\n\t\t\t\t<\/div>\n\t\t\t\t\t\t\t\t<\/div>\n\t\t\t\t<\/div>\n\t\t\t\t<\/div>\n\t\t\t\t<\/div>\n\t\t","protected":false},"excerpt":{"rendered":"<p>Carreras Forma parte de un equipo impulsado por un prop\u00f3sito transformador En WayCarbon buscamos profesionales dedicados que quieran contribuir activamente a nuestro prop\u00f3sito de catalizar una transici\u00f3n justa y resiliente hacia una econom\u00eda Net-Zero. Contamos con un equipo diverso, en varias regiones del pa\u00eds y en el extranjero, comprometido con las cuestiones socioambientales, creativo, lleno [&hellip;]<\/p>\n","protected":false},"author":2,"featured_media":0,"parent":0,"menu_order":0,"comment_status":"closed","ping_status":"closed","template":"","meta":{"_acf_changed":false,"footnotes":""},"class_list":["post-277","page","type-page","status-publish","hentry"],"acf":[],"_links":{"self":[{"href":"https:\/\/waycarbon.com\/es\/wp-json\/wp\/v2\/pages\/277","targetHints":{"allow":["GET"]}}],"collection":[{"href":"https:\/\/waycarbon.com\/es\/wp-json\/wp\/v2\/pages"}],"about":[{"href":"https:\/\/waycarbon.com\/es\/wp-json\/wp\/v2\/types\/page"}],"author":[{"embeddable":true,"href":"https:\/\/waycarbon.com\/es\/wp-json\/wp\/v2\/users\/2"}],"replies":[{"embeddable":true,"href":"https:\/\/waycarbon.com\/es\/wp-json\/wp\/v2\/comments?post=277"}],"version-history":[{"count":10,"href":"https:\/\/waycarbon.com\/es\/wp-json\/wp\/v2\/pages\/277\/revisions"}],"predecessor-version":[{"id":2330,"href":"https:\/\/waycarbon.com\/es\/wp-json\/wp\/v2\/pages\/277\/revisions\/2330"}],"wp:attachment":[{"href":"https:\/\/waycarbon.com\/es\/wp-json\/wp\/v2\/media?parent=277"}],"curies":[{"name":"wp","href":"https:\/\/api.w.org\/{rel}","templated":true}]}}