{"id":1884,"date":"2024-08-06T16:11:42","date_gmt":"2024-08-06T19:11:42","guid":{"rendered":"https:\/\/waycarbon.com\/es\/?page_id=1884"},"modified":"2024-09-11T17:37:43","modified_gmt":"2024-09-11T20:37:43","slug":"compliance","status":"publish","type":"page","link":"https:\/\/waycarbon.com\/es\/compliance\/","title":{"rendered":"Compliance"},"content":{"rendered":"\n<div style=\"height:100px\" aria-hidden=\"true\" class=\"wp-block-spacer\"><\/div>\n\n\n\n<div class=\"wp-block-columns container is-layout-flex wp-container-core-columns-is-layout-28f84493 wp-block-columns-is-layout-flex\">\n<div class=\"wp-block-column is-layout-flow wp-block-column-is-layout-flow\">\n<h3 class=\"wp-block-heading\"><strong>Habla con el \u00e1rea de compliance<\/strong><\/h3>\n\n\n\n<p>Este Canal fue creado con el exclusivo prop\u00f3sito de recibir reportes relacionados con infracciones, procedimientos y\/o lineamientos adoptados por WayCarbon, adem\u00e1s de infracciones legales como fraude, corrupci\u00f3n, malas conductas, entre otras.<\/p>\n\n\n\n<p>Resaltamos que el Canal de Denuncias no responde preguntas o sugerencias relacionadas con los productos y servicios brindados por WayCarbon. En estos casos, comun\u00edquese con nosotros a trav\u00e9s del portal Cont\u00e1ctenos.<\/p>\n\n\n\n<p>Nosotros, en WayCarbon, entendemos la importancia de canales como este y sabemos que la informaci\u00f3n proporcionada puede iniciar investigaciones internas, incluso de autoridades p\u00fablicas, dependiendo de la gravedad del hecho denunciado. Por esta raz\u00f3n, es sumamente importante que toda la informaci\u00f3n mencionada en la queja sea veraz y que, de ser posible, se incluyan Nombres, Fechas, Cargos, Proveedor, Cliente y otros datos necesarios, para que podamos realizar un trabajo m\u00e1s eficiente y satisfacer sus necesidades. . queja.<\/p>\n\n\n\n<h3 class=\"wp-block-heading\"><strong>Confidencialidad y Protecci\u00f3n de Datos<\/strong><\/h3>\n\n\n\n<p>WayCarbon asegura que toda la informaci\u00f3n aqu\u00ed registrada es confidencial y se toman todas las medidas necesarias para proteger y garantizar su confidencialidad. Adem\u00e1s, si decide no identificarse, el informe puede ser an\u00f3nimo y contener \u00fanicamente los detalles de la situaci\u00f3n que est\u00e1 informando.<\/p>\n\n\n\n<p>La finalidad de los datos es \u00fanica y exclusivamente la investigaci\u00f3n de posibles conductas consideradas poco \u00e9ticas o que vulneren los principios establecidos en WayCarbon, as\u00ed como los vigentes en la legislaci\u00f3n aplicable.<\/p>\n\n\n\n<p>Resaltamos que los datos personales utilizados proporcionados en el informe se conservar\u00e1n hasta que se cumpla la finalidad, y ser\u00e1n descartados inmediatamente despu\u00e9s.<\/p>\n\n\n\n<div class=\"wp-block-contact-form-7-contact-form-selector\">\n<div class=\"wpcf7 no-js\" id=\"wpcf7-f1888-o1\" lang=\"es-ES\" dir=\"ltr\" data-wpcf7-id=\"1888\">\n<div class=\"screen-reader-response\"><p role=\"status\" aria-live=\"polite\" aria-atomic=\"true\"><\/p> <ul><\/ul><\/div>\n<form action=\"\/es\/wp-json\/wp\/v2\/pages\/1884#wpcf7-f1888-o1\" method=\"post\" class=\"wpcf7-form init\" aria-label=\"Formulario de contacto\" enctype=\"multipart\/form-data\" novalidate=\"novalidate\" data-status=\"init\">\n<fieldset class=\"hidden-fields-container\"><input type=\"hidden\" name=\"_wpcf7\" value=\"1888\" \/><input type=\"hidden\" name=\"_wpcf7_version\" value=\"6.1.5\" \/><input type=\"hidden\" name=\"_wpcf7_locale\" value=\"es_ES\" \/><input type=\"hidden\" name=\"_wpcf7_unit_tag\" value=\"wpcf7-f1888-o1\" \/><input type=\"hidden\" name=\"_wpcf7_container_post\" value=\"0\" \/><input type=\"hidden\" name=\"_wpcf7_posted_data_hash\" value=\"\" \/>\n<\/fieldset>\n<div class=\"d-flex flex-row flex-nowrap gap-2 align-items-center mb-3\">\n    <span class=\"wpcf7-form-control-wrap\" data-name=\"accept-terms\"><span class=\"wpcf7-form-control wpcf7-acceptance\"><span class=\"wpcf7-list-item\"><input type=\"checkbox\" name=\"accept-terms\" value=\"1\" class=\"form-check-input\" id=\"ombudsman-terms\" aria-invalid=\"false\" \/><\/span><\/span><\/span>\n    <label class=\"form-check-label\" for=\"ombudsman-terms\">Al hacer clic en \"Acepto\" indica que conoce y est\u00e1 de acuerdo con el suministro de informaci\u00f3n que ser\u00e1 utilizada \u00fanica y exclusivamente para este fin.<\/label>\n<\/div>\n<div id=\"form-ombudsman\" class=\"mx-auto\" style=\"display: none;\">\n    <div class=\"mb-3\">\n        <label for=\"ombudsman-name\" class=\"form-label\">Nombre<\/label>\n        <span class=\"wpcf7-form-control-wrap\" data-name=\"your-name\"><input size=\"40\" maxlength=\"400\" class=\"wpcf7-form-control wpcf7-text wpcf7-validates-as-required form-control form-control-lg rounded-0\" id=\"ombudsman-name\" autocomplete=\"name\" aria-required=\"true\" aria-invalid=\"false\" placeholder=\"\" value=\"\" type=\"text\" name=\"your-name\" \/><\/span>\n    <\/div>\n    <div class=\"row\">\n        <div class=\"col-md\">\n            <div class=\"mb-3\">\n                <label for=\"ombudsman-email\" class=\"form-label\">Correo electr\u00f3nico<\/label>\n                <span class=\"wpcf7-form-control-wrap\" data-name=\"your-email\"><input size=\"40\" maxlength=\"400\" class=\"wpcf7-form-control wpcf7-email wpcf7-validates-as-required wpcf7-text wpcf7-validates-as-email form-control form-control-lg rounded-0\" id=\"ombudsman-email\" autocomplete=\"email\" aria-required=\"true\" aria-invalid=\"false\" placeholder=\"\" value=\"\" type=\"email\" name=\"your-email\" \/><\/span>\n            <\/div>\n        <\/div>\n        <div class=\"col-md\">\n            <div class=\"mb-3\">\n                <label for=\"ombudsman-tel\" class=\"form-label\">Tel\u00e9fono<\/label>\n                <span class=\"wpcf7-form-control-wrap\" data-name=\"your-tel\"><input size=\"40\" maxlength=\"400\" class=\"wpcf7-form-control wpcf7-tel wpcf7-validates-as-required wpcf7-text wpcf7-validates-as-tel form-control form-control-lg rounded-0\" id=\"ombudsman-tel\" autocomplete=\"tel\" aria-required=\"true\" aria-invalid=\"false\" placeholder=\"\" value=\"\" type=\"tel\" name=\"your-tel\" \/><\/span>\n            <\/div>\n        <\/div>\n    <\/div>\n    <div class=\"row\">\n        <div class=\"col-md\">\n            <div class=\"mb-3\">\n                <label for=\"ombudsman-date-occurrence\" class=\"form-label\">Fecha de ocurrencia<\/label>\n                <span class=\"wpcf7-form-control-wrap\" data-name=\"ombudsman-date-occurrence\"><input class=\"wpcf7-form-control wpcf7-date wpcf7-validates-as-required wpcf7-validates-as-date form-control form-control-lg rounded-0\" id=\"ombudsman-date-occurrence\" autocomplete=\"organization\" aria-required=\"true\" aria-invalid=\"false\" placeholder=\"\" value=\"\" type=\"date\" name=\"ombudsman-date-occurrence\" \/><\/span>\n            <\/div>\n        <\/div>\n        <div class=\"col-md\">\n            <div class=\"mb-3\">\n                <label for=\"contact-organization-title\" class=\"form-label\">\u00bfTiene alg\u00fan expediente que acredite la denuncia?<\/label>\n                <span class=\"wpcf7-form-control-wrap\" data-name=\"ombudsman-file\"><input size=\"40\" class=\"wpcf7-form-control wpcf7-file form-control form-control-lg rounded-0\" id=\"ombudsman-file\" accept=\".pdf,.jpg,.mp4,.mp3,.doc,.docx\" aria-invalid=\"false\" type=\"file\" name=\"ombudsman-file\" \/><\/span>\n            <\/div>\n        <\/div>\n    <\/div>\n    <div class=\"mb-3\">\n        <label for=\"ombudsman-involved\" class=\"form-label\">Nombre de los involucrados<\/label>\n        <span class=\"wpcf7-form-control-wrap\" data-name=\"ombudsman-involved\"><input size=\"40\" maxlength=\"400\" class=\"wpcf7-form-control wpcf7-text wpcf7-validates-as-required form-control form-control-lg rounded-0\" id=\"ombudsman-involved\" aria-required=\"true\" aria-invalid=\"false\" placeholder=\"\" value=\"\" type=\"text\" name=\"ombudsman-involved\" \/><\/span>\n    <\/div>\n    <div class=\"mb-3\">\n        <label for=\"ombudsman-place\" class=\"form-label\">Ubicaci\u00f3n del incidente<\/label>\n        <span class=\"wpcf7-form-control-wrap\" data-name=\"ombudsman-place\"><input size=\"40\" maxlength=\"400\" class=\"wpcf7-form-control wpcf7-text wpcf7-validates-as-required form-control form-control-lg rounded-0\" id=\"ombudsman-place\" aria-required=\"true\" aria-invalid=\"false\" placeholder=\"\" value=\"\" type=\"text\" name=\"ombudsman-place\" \/><\/span>\n    <\/div>\n    <div class=\"mb-3\">\n        <label for=\"ombudsman-incident\" class=\"form-label\">\u00bfC\u00f3mo se enter\u00f3 del incidente?<\/label>\n        <span class=\"wpcf7-form-control-wrap\" data-name=\"ombudsman-incident\"><input size=\"40\" maxlength=\"400\" class=\"wpcf7-form-control wpcf7-text wpcf7-validates-as-required form-control form-control-lg rounded-0\" id=\"ombudsman-incident\" aria-required=\"true\" aria-invalid=\"false\" placeholder=\"\" value=\"\" type=\"text\" name=\"ombudsman-incident\" \/><\/span>\n    <\/div>\n    <div class=\"row\">\n        <div class=\"col-md\">\n            <div class=\"mb-3\">\n                <label for=\"ombudsman-recurring\" class=\"form-label\">\u00bfSe trata de un hecho o fue recurrente?<\/label>\n                <span class=\"wpcf7-form-control-wrap\" data-name=\"ombudsman-recurring\"><select class=\"wpcf7-form-control wpcf7-select wpcf7-validates-as-required form-select form-control-lg rounded-0\" id=\"ombudsman-recurring\" aria-required=\"true\" aria-invalid=\"false\" name=\"ombudsman-recurring\"><option value=\"\">&#8212;Por favor, elige una opci\u00f3n&#8212;<\/option><option value=\"Sim\">Sim<\/option><option value=\"N\u00e3o\">N\u00e3o<\/option><\/select><\/span>\n            <\/div>\n        <\/div>\n        <div class=\"col-md\">\n            <div class=\"mb-3\">\n                <label for=\"ombudsman-relationship\" class=\"form-label\">\u00bfCu\u00e1l es su relaci\u00f3n con WayCarbon?<\/label>\n                <span class=\"wpcf7-form-control-wrap\" data-name=\"ombudsman-relationship\"><select class=\"wpcf7-form-control wpcf7-select wpcf7-validates-as-required form-select form-control-lg rounded-0\" id=\"ombudsman-relationship\" aria-required=\"true\" aria-invalid=\"false\" name=\"ombudsman-relationship\"><option value=\"\">&#8212;Por favor, elige una opci\u00f3n&#8212;<\/option><option value=\"proveedor\">proveedor<\/option><option value=\"Cliente\">Cliente<\/option><option value=\"Pareja\">Pareja<\/option><option value=\"Colaborador\">Colaborador<\/option><option value=\"Otros\">Otros<\/option><\/select><\/span>\n            <\/div>\n        <\/div>        \n    <\/div>\n    <div class=\"mb-3\">\n        <label for=\"ombudsman-description\" class=\"form-label\">Describe con el mayor detalle posible lo sucedido:<\/label>\n        <span class=\"wpcf7-form-control-wrap\" data-name=\"ombudsman-description\"><textarea cols=\"40\" rows=\"6\" maxlength=\"2000\" class=\"wpcf7-form-control wpcf7-textarea wpcf7-validates-as-required form-control form-control-lg rounded-0\" id=\"ombudsman-description\" aria-required=\"true\" aria-invalid=\"false\" placeholder=\"\" name=\"ombudsman-description\"><\/textarea><\/span>\n    <\/div>\n    <div class=\"d-grid\"><div class=\"wpcf7-turnstile cf-turnstile\" data-sitekey=\"0x4AAAAAACLKNpTU3SjlWxAj\" data-response-field-name=\"_wpcf7_turnstile_response\"><\/div><input class=\"wpcf7-form-control wpcf7-submit has-spinner btn btn-primary\" id=\"contact-submit\" type=\"submit\" value=\"ENVIAR\" \/><\/div>\n<\/div> \n\n<script>jQuery('#ombudsman-terms').on('change', function(e){ jQuery('#form-ombudsman').slideToggle(); })<\/script><div class=\"wpcf7-response-output\" aria-hidden=\"true\"><\/div>\n<\/form>\n<\/div>\n<\/div>\n<\/div>\n<\/div>\n\n\n\n<div style=\"height:100px\" aria-hidden=\"true\" class=\"wp-block-spacer\"><\/div>\n","protected":false},"excerpt":{"rendered":"<p>Habla con el \u00e1rea de compliance Este Canal fue creado con el exclusivo prop\u00f3sito de recibir reportes relacionados con infracciones, procedimientos y\/o lineamientos adoptados por WayCarbon, adem\u00e1s de infracciones legales como fraude, corrupci\u00f3n, malas conductas, entre otras. Resaltamos que el Canal de Denuncias no responde preguntas o sugerencias relacionadas con los productos y servicios brindados [&hellip;]<\/p>\n","protected":false},"author":2,"featured_media":0,"parent":0,"menu_order":0,"comment_status":"closed","ping_status":"closed","template":"","meta":{"_acf_changed":false,"footnotes":""},"class_list":["post-1884","page","type-page","status-publish","hentry"],"acf":[],"_links":{"self":[{"href":"https:\/\/waycarbon.com\/es\/wp-json\/wp\/v2\/pages\/1884","targetHints":{"allow":["GET"]}}],"collection":[{"href":"https:\/\/waycarbon.com\/es\/wp-json\/wp\/v2\/pages"}],"about":[{"href":"https:\/\/waycarbon.com\/es\/wp-json\/wp\/v2\/types\/page"}],"author":[{"embeddable":true,"href":"https:\/\/waycarbon.com\/es\/wp-json\/wp\/v2\/users\/2"}],"replies":[{"embeddable":true,"href":"https:\/\/waycarbon.com\/es\/wp-json\/wp\/v2\/comments?post=1884"}],"version-history":[{"count":3,"href":"https:\/\/waycarbon.com\/es\/wp-json\/wp\/v2\/pages\/1884\/revisions"}],"predecessor-version":[{"id":1890,"href":"https:\/\/waycarbon.com\/es\/wp-json\/wp\/v2\/pages\/1884\/revisions\/1890"}],"wp:attachment":[{"href":"https:\/\/waycarbon.com\/es\/wp-json\/wp\/v2\/media?parent=1884"}],"curies":[{"name":"wp","href":"https:\/\/api.w.org\/{rel}","templated":true}]}}